{"id":1448,"date":"2022-08-25T13:27:00","date_gmt":"2022-08-25T13:27:00","guid":{"rendered":"https:\/\/taxlogicians.com\/home\/"},"modified":"2025-03-07T11:53:08","modified_gmt":"2025-03-07T12:53:08","slug":"home","status":"publish","type":"page","link":"https:\/\/taxlogicians.com\/fr\/","title":{"rendered":"Accueil"},"content":{"rendered":"<div data-elementor-type=\"wp-page\" data-elementor-id=\"1448\" class=\"elementor elementor-1448\">\n\t\t\t\t\t\t<section class=\"elementor-section elementor-top-section elementor-element elementor-element-0a002a8 elementor-section-height-min-height elementor-section-items-top elementor-section-content-middle elementor-section-boxed elementor-section-height-default\" data-id=\"0a002a8\" data-element_type=\"section\" data-settings=\"{&quot;background_background&quot;:&quot;classic&quot;}\">\n\t\t\t\t\t\t\t<div class=\"elementor-background-overlay\"><\/div>\n\t\t\t\t\t\t\t<div class=\"elementor-container elementor-column-gap-default\">\n\t\t\t\t\t<div class=\"elementor-column elementor-col-100 elementor-top-column elementor-element elementor-element-8d46742\" data-id=\"8d46742\" data-element_type=\"column\">\n\t\t\t<div class=\"elementor-widget-wrap elementor-element-populated\">\n\t\t\t\t\t\t<div class=\"elementor-element elementor-element-7876f5c elementor-widget elementor-widget-spacer\" data-id=\"7876f5c\" data-element_type=\"widget\" data-widget_type=\"spacer.default\">\n\t\t\t\t<div class=\"elementor-widget-container\">\n\t\t\t\t\t\t\t<div class=\"elementor-spacer\">\n\t\t\t<div class=\"elementor-spacer-inner\"><\/div>\n\t\t<\/div>\n\t\t\t\t\t\t<\/div>\n\t\t\t\t<\/div>\n\t\t\t\t<div class=\"elementor-element elementor-element-fbdc8cf elementor-widget elementor-widget-heading\" data-id=\"fbdc8cf\" data-element_type=\"widget\" data-widget_type=\"heading.default\">\n\t\t\t\t<div class=\"elementor-widget-container\">\n\t\t\t\t\t<h1 class=\"elementor-heading-title elementor-size-default\">Tax Logicians<\/h1>\t\t\t\t<\/div>\n\t\t\t\t<\/div>\n\t\t\t\t<div class=\"elementor-element elementor-element-47069c6 elementor-widget elementor-widget-heading\" data-id=\"47069c6\" data-element_type=\"widget\" data-widget_type=\"heading.default\">\n\t\t\t\t<div class=\"elementor-widget-container\">\n\t\t\t\t\t<h2 class=\"elementor-heading-title elementor-size-default\">R\u00c9SOUDRE LES PROBL\u00c8MES DE FISCALIT\u00c9 ET DE CONFORMIT\u00c9<\/h2>\t\t\t\t<\/div>\n\t\t\t\t<\/div>\n\t\t<div class=\"elementor-element elementor-element-937eb90 e-flex e-con-boxed e-con e-parent\" data-id=\"937eb90\" data-element_type=\"container\">\n\t\t\t\t\t<div class=\"e-con-inner\">\n\t\t\t\t\t<\/div>\n\t\t\t\t<\/div>\n\t\t\t\t\t<\/div>\n\t\t<\/div>\n\t\t\t\t\t<\/div>\n\t\t<\/section>\n\t\t\t\t<section class=\"elementor-section elementor-top-section elementor-element elementor-element-aff6ae1 elementor-section-boxed elementor-section-height-default elementor-section-height-default\" data-id=\"aff6ae1\" data-element_type=\"section\">\n\t\t\t\t\t\t<div class=\"elementor-container elementor-column-gap-wide\">\n\t\t\t\t\t<div class=\"elementor-column elementor-col-33 elementor-top-column elementor-element elementor-element-f8352c5\" data-id=\"f8352c5\" data-element_type=\"column\">\n\t\t\t<div class=\"elementor-widget-wrap elementor-element-populated\">\n\t\t\t\t\t\t<div class=\"elementor-element elementor-element-5774235 elementor-widget elementor-widget-heading\" data-id=\"5774235\" data-element_type=\"widget\" data-widget_type=\"heading.default\">\n\t\t\t\t<div class=\"elementor-widget-container\">\n\t\t\t\t\t<h4 class=\"elementor-heading-title elementor-size-default\">Respect De La Fiscalit\u00e9<\/h4>\t\t\t\t<\/div>\n\t\t\t\t<\/div>\n\t\t\t\t<div class=\"elementor-element elementor-element-87870da elementor-widget elementor-widget-text-editor\" data-id=\"87870da\" data-element_type=\"widget\" data-widget_type=\"text-editor.default\">\n\t\t\t\t<div class=\"elementor-widget-container\">\n\t\t\t\t\t\t\t\t\t<p><span style=\"font-weight: 400;\">Sp\u00e9cialis\u00e9 dans la conformit\u00e9 fiscale pour les entit\u00e9s commerciales et les trusts expos\u00e9s aux \u00c9tats-Unis et soumis \u00e0 des obligations de d\u00e9claration fiscale.<\/span><\/p>\t\t\t\t\t\t\t\t<\/div>\n\t\t\t\t<\/div>\n\t\t\t\t\t<\/div>\n\t\t<\/div>\n\t\t\t\t<div class=\"elementor-column elementor-col-33 elementor-top-column elementor-element elementor-element-9fec389\" data-id=\"9fec389\" data-element_type=\"column\">\n\t\t\t<div class=\"elementor-widget-wrap elementor-element-populated\">\n\t\t\t\t\t\t<div class=\"elementor-element elementor-element-4dea650 elementor-widget elementor-widget-heading\" data-id=\"4dea650\" data-element_type=\"widget\" data-widget_type=\"heading.default\">\n\t\t\t\t<div class=\"elementor-widget-container\">\n\t\t\t\t\t<h4 class=\"elementor-heading-title elementor-size-default\">Conformit\u00e9 de la divulgation<\/h4>\t\t\t\t<\/div>\n\t\t\t\t<\/div>\n\t\t\t\t<div class=\"elementor-element elementor-element-b5ddd55 elementor-widget elementor-widget-text-editor\" data-id=\"b5ddd55\" data-element_type=\"widget\" data-widget_type=\"text-editor.default\">\n\t\t\t\t<div class=\"elementor-widget-container\">\n\t\t\t\t\t\t\t\t\t<p><span style=\"font-weight: 400;\">D\u00e9claration des comptes bancaires \u00e9trangers (FBAR), loi sur la transparence des entreprises (CTA) et loi sur la conformit\u00e9 fiscale des comptes \u00e9trangers (FATCA).<\/span><\/p>\t\t\t\t\t\t\t\t<\/div>\n\t\t\t\t<\/div>\n\t\t\t\t\t<\/div>\n\t\t<\/div>\n\t\t\t\t<div class=\"elementor-column elementor-col-33 elementor-top-column elementor-element elementor-element-a4b2aab\" data-id=\"a4b2aab\" data-element_type=\"column\">\n\t\t\t<div class=\"elementor-widget-wrap elementor-element-populated\">\n\t\t\t\t\t\t<div class=\"elementor-element elementor-element-14b01c6 elementor-widget elementor-widget-heading\" data-id=\"14b01c6\" data-element_type=\"widget\" data-widget_type=\"heading.default\">\n\t\t\t\t<div class=\"elementor-widget-container\">\n\t\t\t\t\t<h4 class=\"elementor-heading-title elementor-size-default\">Conseil<\/h4>\t\t\t\t<\/div>\n\t\t\t\t<\/div>\n\t\t\t\t<div class=\"elementor-element elementor-element-f55e44c elementor-widget elementor-widget-text-editor\" data-id=\"f55e44c\" data-element_type=\"widget\" data-widget_type=\"text-editor.default\">\n\t\t\t\t<div class=\"elementor-widget-container\">\n\t\t\t\t\t\t\t\t\t<p><span style=\"font-weight: 400;\">Obtenez des conseils qualifi\u00e9s de la part d'un avocat fiscaliste am\u00e9ricain.  Nous sommes l\u00e0 pour vous aider \u00e0 structurer une transaction ou \u00e0 r\u00e9soudre toute question fiscale ou fiduciaire li\u00e9e aux \u00c9tats-Unis.<\/span><\/p>\t\t\t\t\t\t\t\t<\/div>\n\t\t\t\t<\/div>\n\t\t\t\t\t<\/div>\n\t\t<\/div>\n\t\t\t\t\t<\/div>\n\t\t<\/section>\n\t\t<div class=\"elementor-element elementor-element-664edb1 e-flex e-con-boxed e-con e-parent\" data-id=\"664edb1\" data-element_type=\"container\">\n\t\t\t\t\t<div class=\"e-con-inner\">\n\t\t\t\t<div class=\"elementor-element elementor-element-4e98fb2 elementor-widget elementor-widget-heading\" data-id=\"4e98fb2\" data-element_type=\"widget\" data-widget_type=\"heading.default\">\n\t\t\t\t<div class=\"elementor-widget-container\">\n\t\t\t\t\t<h2 class=\"elementor-heading-title elementor-size-default\">Derniers articles de blog<\/h2>\t\t\t\t<\/div>\n\t\t\t\t<\/div>\n\t\t\t\t<div class=\"elementor-element elementor-element-fa1e1e2 elementor-widget elementor-widget-ucaddon_post_blocks\" data-id=\"fa1e1e2\" data-element_type=\"widget\" data-widget_type=\"ucaddon_post_blocks.default\">\n\t\t\t\t<div class=\"elementor-widget-container\">\n\t\t\t\t\t\n<!-- start Post Blocks -->\n\t\t<link id='font-awesome-css' href='https:\/\/taxlogicians.com\/wp-content\/plugins\/unlimited-elements-for-elementor\/assets_libraries\/font-awesome6\/fontawesome-all.min.css' type='text\/css' rel='stylesheet' >\n\t\t<link id='font-awesome-4-shim-css' href='https:\/\/taxlogicians.com\/wp-content\/plugins\/unlimited-elements-for-elementor\/assets_libraries\/font-awesome6\/fontawesome-v4-shims.min.css' type='text\/css' rel='stylesheet' >\n\n<style>\/* widget: Post Blocks *\/\n\n\n\n#uc_post_blocks_elementor_fa1e1e2 {\n    display:grid;\n}\n#uc_post_blocks_elementor_fa1e1e2 .ue_post_blocks_box\n{\n  overflow:hidden;\n}\n\n#uc_post_blocks_elementor_fa1e1e2 .ue_post_blocks_image\n{\n  overflow:hidden;\n}\n#uc_post_blocks_elementor_fa1e1e2 .ue_post_blocks_image img\n{\n  width:100%;\n  display:block;\n}\n#uc_post_blocks_elementor_fa1e1e2 .ue_post_blocks_link a\n{\n  display:inline-block;\n  text-decoration:none;\n  text-align:center;\n}\n\n\n#uc_post_blocks_elementor_fa1e1e2 .ue-grid-item-meta-data\n{\n  display:inlin-flex;\n  flex-wrap: wrap;\n}\n\n.ue-grid-item-meta-data\n{\n  font-size:12px;\n}\n\n#uc_post_blocks_elementor_fa1e1e2 .ue-grid-item-meta-data-icon\n{\n  line-height:1em;\n}\n\n#uc_post_blocks_elementor_fa1e1e2 .ue-grid-item-meta-data-icon svg\n{\n  width:1em;\n  height:1em;\n}\n\n#uc_post_blocks_elementor_fa1e1e2 .ue_post_blocks_box{\n  display: flex;\n  flex-direction: column;\n}\n#uc_post_blocks_elementor_fa1e1e2 .ue_post_blocks_content{\n display: flex; flex-grow: 1;\n flex-direction: column;\n}\n#uc_post_blocks_elementor_fa1e1e2 .ue_post_blocks_link{ margin-top: auto;\n}\n\n.ue-grid-item-category a\n{\n  display:inline-block;\n  font-size:10px;\n  text-transform:uppercase;\n}\n\n<\/style>\n\n<div id=\"uc_post_blocks_elementor_fa1e1e2\" class=\"ue_post_blocks uc-items-wrapper\" >\n    <div class=\"ue_post_blocks_box\">\n    <div class=\"ue_post_blocks_image\">\n    <a href=\"https:\/\/taxlogicians.com\/fr\/une-nouvelle-semaine-un-nouveau-changement-pour-la-corporate-transparenca-act-loi-de-transparence-des-entreprises-aux-etats-unis\/\" style=\"display:block;\"><img decoding=\"async\" src=\"https:\/\/taxlogicians.com\/wp-content\/uploads\/2024\/07\/no-cta-sign-art-768x432.png\"  alt=\"no cta sign art\" width=\"768\" height=\"432\"><\/a>\n  <\/div>\n    <div class=\"ue_post_blocks_content\">\n      \n     <div class=\"ue-grid-item-category\"><a href=\"https:\/\/taxlogicians.com\/fr\/category\/cta\/\">CTA<\/a><a href=\"https:\/\/taxlogicians.com\/fr\/category\/uncategorized-en\/\">non class\u00e9<\/a><\/div>\n         \n    <div class=\"ue_post_blocks_title\"><a href=\"https:\/\/taxlogicians.com\/fr\/une-nouvelle-semaine-un-nouveau-changement-pour-la-corporate-transparenca-act-loi-de-transparence-des-entreprises-aux-etats-unis\/\">Une nouvelle semaine, un nouveau changement pour la Corporate Transparency Act (loi de transparence des entreprises) aux \u00c9tats-Unis<\/a><\/div>    \n        \n    \n    <div class=\"ue_post_blocks_text\">\u00a0\n\u00c0 la suite d\u2019une s\u00e9rie d\u2019ordonnances de la Cour qui ont d\u00e9but\u00e9 en d\u00e9cembre dernier et qui ont \u00e9t\u00e9 suivies d\u2019un revirement par le secr\u00e9taire du Tr\u00e9sor, l&#8217;application de la Corporate Transparency...<\/div>    <div class=\"ue_post_blocks_link\"><a href=\"https:\/\/taxlogicians.com\/fr\/une-nouvelle-semaine-un-nouveau-changement-pour-la-corporate-transparenca-act-loi-de-transparence-des-entreprises-aux-etats-unis\/\" class=\"\">En savoir plus<\/a><\/div>  <\/div>\n<\/div>\n<div class=\"ue_post_blocks_box\">\n    <div class=\"ue_post_blocks_image\">\n    <a href=\"https:\/\/taxlogicians.com\/fr\/troisieme-partie-lcta-a-t-il-ete-ecarte-oui-mais-non\/\" style=\"display:block;\"><img decoding=\"async\" src=\"https:\/\/taxlogicians.com\/wp-content\/uploads\/2024\/07\/no-cta-sign-art-768x432.png\"  alt=\"no cta sign art\" width=\"768\" height=\"432\"><\/a>\n  <\/div>\n    <div class=\"ue_post_blocks_content\">\n      \n     <div class=\"ue-grid-item-category\"><a href=\"https:\/\/taxlogicians.com\/fr\/category\/cta\/\">CTA<\/a><a href=\"https:\/\/taxlogicians.com\/fr\/category\/uncategorized-en\/\">non class\u00e9<\/a><\/div>\n         \n    <div class=\"ue_post_blocks_title\"><a href=\"https:\/\/taxlogicians.com\/fr\/troisieme-partie-lcta-a-t-il-ete-ecarte-oui-mais-non\/\">Troisi\u00e8me partie : Le CTA a-t-il \u00e9t\u00e9 \u00e9cart\u00e9 ? Oui, mais non<\/a><\/div>    \n        \n    \n    <div class=\"ue_post_blocks_text\">Ce qu\u2019il faut savoir\u00a0en date du 29 d\u00e9cembre 2024\u00a0: une injonction visant la loi sur la transparence des entreprises (\u00ab\u00a0Corporate Transparency Act (CTA)\u00a0\u00bb en anglais) est en vigueur. En cons\u00e9quence, les...<\/div>    <div class=\"ue_post_blocks_link\"><a href=\"https:\/\/taxlogicians.com\/fr\/troisieme-partie-lcta-a-t-il-ete-ecarte-oui-mais-non\/\" class=\"\">En savoir plus<\/a><\/div>  <\/div>\n<\/div>\n<div class=\"ue_post_blocks_box\">\n    <div class=\"ue_post_blocks_image\">\n    <a href=\"https:\/\/taxlogicians.com\/fr\/has-the-cta-been-over-ruled-copy-2\/\" style=\"display:block;\"><img decoding=\"async\" src=\"https:\/\/taxlogicians.com\/wp-content\/uploads\/2024\/07\/no-cta-sign-art-768x432.png\"  alt=\"no cta sign art\" width=\"768\" height=\"432\"><\/a>\n  <\/div>\n    <div class=\"ue_post_blocks_content\">\n      \n     <div class=\"ue-grid-item-category\"><a href=\"https:\/\/taxlogicians.com\/fr\/category\/cta\/\">CTA<\/a><a href=\"https:\/\/taxlogicians.com\/fr\/category\/uncategorized-en\/\">non class\u00e9<\/a><\/div>\n         \n    <div class=\"ue_post_blocks_title\"><a href=\"https:\/\/taxlogicians.com\/fr\/has-the-cta-been-over-ruled-copy-2\/\">Part II: Has the CTA been over-ruled ? - Injunction Time<\/a><\/div>    \n        \n    \n    <div class=\"ue_post_blocks_text\">At present (December 16, 2024), compliance with the Corporate Transparency Act is not required. Compliance, in the form of filing beneficial owner reports, may be done on a voluntary basis.\n\u00a0\nThis change...<\/div>    <div class=\"ue_post_blocks_link\"><a href=\"https:\/\/taxlogicians.com\/fr\/has-the-cta-been-over-ruled-copy-2\/\" class=\"\">En savoir plus<\/a><\/div>  <\/div>\n<\/div>\n\n<\/div>\n<!-- end Post Blocks -->\t\t\t\t<\/div>\n\t\t\t\t<\/div>\n\t\t\t\t\t<\/div>\n\t\t\t\t<\/div>\n\t\t\t\t<section class=\"elementor-section elementor-top-section elementor-element elementor-element-be8b1b9 elementor-section-content-middle elementor-section-boxed elementor-section-height-default elementor-section-height-default\" data-id=\"be8b1b9\" data-element_type=\"section\" data-settings=\"{&quot;background_background&quot;:&quot;classic&quot;}\">\n\t\t\t\t\t\t\t<div class=\"elementor-background-overlay\"><\/div>\n\t\t\t\t\t\t\t<div class=\"elementor-container elementor-column-gap-default\">\n\t\t\t\t\t<div class=\"elementor-column elementor-col-100 elementor-top-column elementor-element elementor-element-a45eb33\" data-id=\"a45eb33\" data-element_type=\"column\">\n\t\t\t<div class=\"elementor-widget-wrap elementor-element-populated\">\n\t\t\t\t\t\t<div class=\"elementor-element elementor-element-ed4759e elementor-widget elementor-widget-heading\" data-id=\"ed4759e\" data-element_type=\"widget\" data-widget_type=\"heading.default\">\n\t\t\t\t<div class=\"elementor-widget-container\">\n\t\t\t\t\t<h2 class=\"elementor-heading-title elementor-size-default\">Contactez-Nous<\/h2>\t\t\t\t<\/div>\n\t\t\t\t<\/div>\n\t\t\t\t<div class=\"elementor-element elementor-element-c4f7b91 elementor-widget elementor-widget-text-editor\" data-id=\"c4f7b91\" data-element_type=\"widget\" data-widget_type=\"text-editor.default\">\n\t\t\t\t<div class=\"elementor-widget-container\">\n\t\t\t\t\t\t\t\t\t<p>Vous avez des questions ? Nous sommes toujours pr\u00eats \u00e0 parler de votre entreprise, de nouveaux projets, d'opportunit\u00e9s cr\u00e9atives et de la mani\u00e8re dont nous pouvons vous aider.<\/p>\t\t\t\t\t\t\t\t<\/div>\n\t\t\t\t<\/div>\n\t\t\t\t<div class=\"elementor-element elementor-element-bbdc8f2 elementor-align-center elementor-widget elementor-widget-button\" data-id=\"bbdc8f2\" data-element_type=\"widget\" data-widget_type=\"button.default\">\n\t\t\t\t<div class=\"elementor-widget-container\">\n\t\t\t\t\t\t\t\t\t<div class=\"elementor-button-wrapper\">\n\t\t\t\t\t<a class=\"elementor-button elementor-button-link elementor-size-sm\" href=\"https:\/\/taxlogicians.com\/fr\/contact\/\">\n\t\t\t\t\t\t<span class=\"elementor-button-content-wrapper\">\n\t\t\t\t\t\t\t\t\t<span class=\"elementor-button-text\">Prendre contact<\/span>\n\t\t\t\t\t<\/span>\n\t\t\t\t\t<\/a>\n\t\t\t\t<\/div>\n\t\t\t\t\t\t\t\t<\/div>\n\t\t\t\t<\/div>\n\t\t\t\t\t<\/div>\n\t\t<\/div>\n\t\t\t\t\t<\/div>\n\t\t<\/section>\n\t\t\t\t<\/div>","protected":false},"excerpt":{"rendered":"<p>Tax Logicians solving tax and compliance puzzles Tax Compliance Specializing in tax compliance for business entities and trusts with US exposure and tax reporting requirements. Disclosure Compliance Foreign Bank Account Reporting (FBAR); Corporate Transparency Act (CTA); and Foreign Account Tax Compliance Act (FATCA) Consulting Get qualified advice from a US tax attorney.\u00a0 We&#8217;re here to &hellip;<\/p>\n<p class=\"read-more\"> <a class=\"\" href=\"https:\/\/taxlogicians.com\/fr\/\"> <span class=\"screen-reader-text\">Accueil<\/span> Lire la suite\u00a0\u00bb<\/a><\/p>","protected":false},"author":1,"featured_media":0,"parent":0,"menu_order":0,"comment_status":"closed","ping_status":"closed","template":"","meta":{"site-sidebar-layout":"no-sidebar","site-content-layout":"page-builder","ast-site-content-layout":"full-width-container","site-content-style":"unboxed","site-sidebar-style":"unboxed","ast-global-header-display":"","ast-banner-title-visibility":"","ast-main-header-display":"","ast-hfb-above-header-display":"","ast-hfb-below-header-display":"","ast-hfb-mobile-header-display":"","site-post-title":"disabled","ast-breadcrumbs-content":"","ast-featured-img":"disabled","footer-sml-layout":"","theme-transparent-header-meta":"enabled","adv-header-id-meta":"","stick-header-meta":"","header-above-stick-meta":"","header-main-stick-meta":"","header-below-stick-meta":"","astra-migrate-meta-layouts":"set","ast-page-background-enabled":"default","ast-page-background-meta":{"desktop":{"background-color":"var(--ast-global-color-4)","background-image":"","background-repeat":"repeat","background-position":"center center","background-size":"auto","background-attachment":"scroll","background-type":"","background-media":"","overlay-type":"","overlay-color":"","overlay-gradient":""},"tablet":{"background-color":"","background-image":"","background-repeat":"repeat","background-position":"center center","background-size":"auto","background-attachment":"scroll","background-type":"","background-media":"","overlay-type":"","overlay-color":"","overlay-gradient":""},"mobile":{"background-color":"","background-image":"","background-repeat":"repeat","background-position":"center center","background-size":"auto","background-attachment":"scroll","background-type":"","background-media":"","overlay-type":"","overlay-color":"","overlay-gradient":""}},"ast-content-background-meta":{"desktop":{"background-color":"var(--ast-global-color-5)","background-image":"","background-repeat":"repeat","background-position":"center center","background-size":"auto","background-attachment":"scroll","background-type":"","background-media":"","overlay-type":"","overlay-color":"","overlay-gradient":""},"tablet":{"background-color":"var(--ast-global-color-5)","background-image":"","background-repeat":"repeat","background-position":"center center","background-size":"auto","background-attachment":"scroll","background-type":"","background-media":"","overlay-type":"","overlay-color":"","overlay-gradient":""},"mobile":{"background-color":"var(--ast-global-color-5)","background-image":"","background-repeat":"repeat","background-position":"center center","background-size":"auto","background-attachment":"scroll","background-type":"","background-media":"","overlay-type":"","overlay-color":"","overlay-gradient":""}},"footnotes":""},"class_list":["post-1448","page","type-page","status-publish","hentry"],"_links":{"self":[{"href":"https:\/\/taxlogicians.com\/fr\/wp-json\/wp\/v2\/pages\/1448","targetHints":{"allow":["GET"]}}],"collection":[{"href":"https:\/\/taxlogicians.com\/fr\/wp-json\/wp\/v2\/pages"}],"about":[{"href":"https:\/\/taxlogicians.com\/fr\/wp-json\/wp\/v2\/types\/page"}],"author":[{"embeddable":true,"href":"https:\/\/taxlogicians.com\/fr\/wp-json\/wp\/v2\/users\/1"}],"replies":[{"embeddable":true,"href":"https:\/\/taxlogicians.com\/fr\/wp-json\/wp\/v2\/comments?post=1448"}],"version-history":[{"count":164,"href":"https:\/\/taxlogicians.com\/fr\/wp-json\/wp\/v2\/pages\/1448\/revisions"}],"predecessor-version":[{"id":4768,"href":"https:\/\/taxlogicians.com\/fr\/wp-json\/wp\/v2\/pages\/1448\/revisions\/4768"}],"wp:attachment":[{"href":"https:\/\/taxlogicians.com\/fr\/wp-json\/wp\/v2\/media?parent=1448"}],"curies":[{"name":"wp","href":"https:\/\/api.w.org\/{rel}","templated":true}]}}