{"id":2430,"date":"2023-10-10T12:48:29","date_gmt":"2023-10-10T13:48:29","guid":{"rendered":"https:\/\/taxlogicians.com\/?page_id=2430"},"modified":"2023-10-27T08:38:59","modified_gmt":"2023-10-27T09:38:59","slug":"fatca","status":"publish","type":"page","link":"https:\/\/taxlogicians.com\/fr\/fatca\/","title":{"rendered":"FATCA"},"content":{"rendered":"<div data-elementor-type=\"wp-page\" data-elementor-id=\"2430\" class=\"elementor elementor-2430\">\n\t\t\t\t\t\t<section class=\"elementor-section elementor-top-section elementor-element elementor-element-bma7vxn elementor-section-boxed elementor-section-height-default elementor-section-height-default\" data-id=\"bma7vxn\" data-element_type=\"section\" data-settings=\"{&quot;background_background&quot;:&quot;classic&quot;}\">\n\t\t\t\t\t\t\t<div class=\"elementor-background-overlay\"><\/div>\n\t\t\t\t\t\t\t<div class=\"elementor-container elementor-column-gap-no\">\n\t\t\t\t\t<div class=\"elementor-column elementor-col-100 elementor-top-column elementor-element elementor-element-50d1d5b\" data-id=\"50d1d5b\" data-element_type=\"column\">\n\t\t\t<div class=\"elementor-widget-wrap elementor-element-populated\">\n\t\t\t\t\t\t<div class=\"elementor-element elementor-element-256d48a elementor-widget elementor-widget-heading\" data-id=\"256d48a\" data-element_type=\"widget\" data-widget_type=\"heading.default\">\n\t\t\t\t<div class=\"elementor-widget-container\">\n\t\t\t\t\t<h2 class=\"elementor-heading-title elementor-size-default\">Loi sur la conformit\u00e9 fiscale des comptes \u00e9trangers (Foreign Account Tax Compliance Act - FATCA)<\/h2>\t\t\t\t<\/div>\n\t\t\t\t<\/div>\n\t\t\t\t\t<\/div>\n\t\t<\/div>\n\t\t\t\t\t<\/div>\n\t\t<\/section>\n\t\t\t\t<section class=\"elementor-section elementor-top-section elementor-element elementor-element-5ut8hg6 elementor-section-boxed elementor-section-height-default elementor-section-height-default\" data-id=\"5ut8hg6\" data-element_type=\"section\" data-settings=\"{&quot;background_background&quot;:&quot;classic&quot;}\">\n\t\t\t\t\t\t<div class=\"elementor-container elementor-column-gap-default\">\n\t\t\t\t\t<div class=\"elementor-column elementor-col-100 elementor-top-column elementor-element elementor-element-c7a12ec\" data-id=\"c7a12ec\" data-element_type=\"column\">\n\t\t\t<div class=\"elementor-widget-wrap elementor-element-populated\">\n\t\t\t\t\t\t<section class=\"elementor-section elementor-inner-section elementor-element elementor-element-9cae0d9 elementor-section-boxed elementor-section-height-default elementor-section-height-default\" data-id=\"9cae0d9\" data-element_type=\"section\">\n\t\t\t\t\t\t<div class=\"elementor-container elementor-column-gap-no\">\n\t\t\t\t\t<div class=\"elementor-column elementor-col-50 elementor-inner-column elementor-element elementor-element-d87b051\" data-id=\"d87b051\" data-element_type=\"column\" data-settings=\"{&quot;background_background&quot;:&quot;classic&quot;}\">\n\t\t\t<div class=\"elementor-widget-wrap elementor-element-populated\">\n\t\t\t\t\t\t<div class=\"elementor-element elementor-element-9a32ec8 elementor-widget elementor-widget-image\" data-id=\"9a32ec8\" data-element_type=\"widget\" data-widget_type=\"image.default\">\n\t\t\t\t<div class=\"elementor-widget-container\">\n\t\t\t\t\t\t\t\t\t\t\t\t\t\t\t<img fetchpriority=\"high\" decoding=\"async\" width=\"400\" height=\"400\" src=\"https:\/\/taxlogicians.com\/wp-content\/uploads\/2023\/10\/feature2-free-img.png\" class=\"attachment-full size-full wp-image-1985\" alt=\"\" srcset=\"https:\/\/taxlogicians.com\/wp-content\/uploads\/2023\/10\/feature2-free-img.png 400w, https:\/\/taxlogicians.com\/wp-content\/uploads\/2023\/10\/feature2-free-img-300x300.png 300w, https:\/\/taxlogicians.com\/wp-content\/uploads\/2023\/10\/feature2-free-img-150x150.png 150w\" sizes=\"(max-width: 400px) 100vw, 400px\" \/>\t\t\t\t\t\t\t\t\t\t\t\t\t\t\t<\/div>\n\t\t\t\t<\/div>\n\t\t\t\t\t<\/div>\n\t\t<\/div>\n\t\t\t\t<div class=\"elementor-column elementor-col-50 elementor-inner-column elementor-element elementor-element-62294be\" data-id=\"62294be\" data-element_type=\"column\">\n\t\t\t<div class=\"elementor-widget-wrap elementor-element-populated\">\n\t\t\t\t\t\t<div class=\"elementor-element elementor-element-658d8e1 elementor-widget elementor-widget-heading\" data-id=\"658d8e1\" data-element_type=\"widget\" data-widget_type=\"heading.default\">\n\t\t\t\t<div class=\"elementor-widget-container\">\n\t\t\t\t\t<h2 class=\"elementor-heading-title elementor-size-default\">Qu'est-ce que le FATCA ?<\/h2>\t\t\t\t<\/div>\n\t\t\t\t<\/div>\n\t\t\t\t<div class=\"elementor-element elementor-element-aa03340 elementor-widget elementor-widget-heading\" data-id=\"aa03340\" data-element_type=\"widget\" data-widget_type=\"heading.default\">\n\t\t\t\t<div class=\"elementor-widget-container\">\n\t\t\t\t\t<h4 class=\"elementor-heading-title elementor-size-default\">Principes de base\n<\/h4>\t\t\t\t<\/div>\n\t\t\t\t<\/div>\n\t\t\t\t<div class=\"elementor-element elementor-element-973df35 elementor-widget elementor-widget-text-editor\" data-id=\"973df35\" data-element_type=\"widget\" data-widget_type=\"text-editor.default\">\n\t\t\t\t<div class=\"elementor-widget-container\">\n\t\t\t\t\t\t\t\t\t<p>La loi FATCA (Foreign Account Tax Compliance Act) vise \u00e0 emp\u00eacher les contribuables am\u00e9ricains de ne pas d\u00e9clarer correctement les revenus ou les avoirs d\u00e9tenus sur des comptes \u00e0 l'\u00e9tranger. Concr\u00e8tement, cela signifie que les banques non am\u00e9ricaines doivent remplir un formulaire W-8 pour chaque compte afin d'indiquer si le titulaire du compte est un contribuable am\u00e9ricain ou non.<\/p>\t\t\t\t\t\t\t\t<\/div>\n\t\t\t\t<\/div>\n\t\t\t\t<div class=\"elementor-element elementor-element-e5338dd elementor-widget elementor-widget-heading\" data-id=\"e5338dd\" data-element_type=\"widget\" data-widget_type=\"heading.default\">\n\t\t\t\t<div class=\"elementor-widget-container\">\n\t\t\t\t\t<h4 class=\"elementor-heading-title elementor-size-default\">RESPECT DE LA FISCALIT\u00c9\n<\/h4>\t\t\t\t<\/div>\n\t\t\t\t<\/div>\n\t\t\t\t<div class=\"elementor-element elementor-element-3d71008 elementor-widget elementor-widget-text-editor\" data-id=\"3d71008\" data-element_type=\"widget\" data-widget_type=\"text-editor.default\">\n\t\t\t\t<div class=\"elementor-widget-container\">\n\t\t\t\t\t\t\t\t\t<p>La conformit\u00e9 \u00e0 la FATCA prend diff\u00e9rentes formes en fonction de la classification de la personne dans le cadre de la FATCA. Un contribuable am\u00e9ricain individuel s'y conforme g\u00e9n\u00e9ralement en remplissant le formulaire 8938 pour d\u00e9clarer certains actifs \u00e9trangers.<\/p><p>\u00a0<\/p><p>Les institutions financi\u00e8res \u00e9trang\u00e8res (FFI) sont soumises \u00e0 des obligations de d\u00e9claration diff\u00e9rentes selon qu'elles se trouvent dans une juridiction relevant du mod\u00e8le 1 ou du mod\u00e8le 2 ; voir ci-dessous pour plus de d\u00e9tails.<\/p>\t\t\t\t\t\t\t\t<\/div>\n\t\t\t\t<\/div>\n\t\t\t\t\t<\/div>\n\t\t<\/div>\n\t\t\t\t\t<\/div>\n\t\t<\/section>\n\t\t\t\t\t<\/div>\n\t\t<\/div>\n\t\t\t\t\t<\/div>\n\t\t<\/section>\n\t\t\t\t<section class=\"elementor-section elementor-top-section elementor-element elementor-element-x1b9yt2 elementor-section-content-middle elementor-section-boxed elementor-section-height-default elementor-section-height-default\" data-id=\"x1b9yt2\" data-element_type=\"section\" data-settings=\"{&quot;background_background&quot;:&quot;classic&quot;}\">\n\t\t\t\t\t\t<div class=\"elementor-container elementor-column-gap-no\">\n\t\t\t\t\t<div class=\"elementor-column elementor-col-100 elementor-top-column elementor-element elementor-element-2fa39b7\" data-id=\"2fa39b7\" data-element_type=\"column\">\n\t\t\t<div class=\"elementor-widget-wrap elementor-element-populated\">\n\t\t\t\t\t\t<section class=\"elementor-section elementor-inner-section elementor-element elementor-element-c35c7f3 elementor-reverse-mobile elementor-section-boxed elementor-section-height-default elementor-section-height-default\" data-id=\"c35c7f3\" data-element_type=\"section\">\n\t\t\t\t\t\t<div class=\"elementor-container elementor-column-gap-no\">\n\t\t\t\t\t<div class=\"elementor-column elementor-col-50 elementor-inner-column elementor-element elementor-element-7e32c6a\" data-id=\"7e32c6a\" data-element_type=\"column\">\n\t\t\t<div class=\"elementor-widget-wrap elementor-element-populated\">\n\t\t\t\t\t\t<div class=\"elementor-element elementor-element-b557efc elementor-widget elementor-widget-heading\" data-id=\"b557efc\" data-element_type=\"widget\" data-widget_type=\"heading.default\">\n\t\t\t\t<div class=\"elementor-widget-container\">\n\t\t\t\t\t<h2 class=\"elementor-heading-title elementor-size-default\">What is an IGA?<\/h2>\t\t\t\t<\/div>\n\t\t\t\t<\/div>\n\t\t\t\t<div class=\"elementor-element elementor-element-ddb6714 elementor-widget elementor-widget-heading\" data-id=\"ddb6714\" data-element_type=\"widget\" data-widget_type=\"heading.default\">\n\t\t\t\t<div class=\"elementor-widget-container\">\n\t\t\t\t\t<h4 class=\"elementor-heading-title elementor-size-default\">Comment les informations relatives aux titulaires de comptes sont-elles communiqu\u00e9es aux \u00c9tats-Unis ?<\/h4>\t\t\t\t<\/div>\n\t\t\t\t<\/div>\n\t\t\t\t<div class=\"elementor-element elementor-element-e6c3169 elementor-widget elementor-widget-text-editor\" data-id=\"e6c3169\" data-element_type=\"widget\" data-widget_type=\"text-editor.default\">\n\t\t\t\t<div class=\"elementor-widget-container\">\n\t\t\t\t\t\t\t\t\t<p>Les informations sur les comptes \u00e9trangers sont fournies (conform\u00e9ment \u00e0 la FATCA) selon deux grands mod\u00e8les : le mod\u00e8le 1 et le mod\u00e8le 2. Chaque accord sp\u00e9cifique entre les \u00c9tats-Unis et une juridiction \u00e9trang\u00e8re peut \u00eatre modifi\u00e9 par rapport aux mod\u00e8les standard, c'est pourquoi il convient d'obtenir un avis qualifi\u00e9 sur toute question relative \u00e0 la FATCA.<\/p><p>\u00a0<\/p><p>Dans le cadre des accords de type mod\u00e8le 1, une agence locale (normalement une partie du d\u00e9partement national du revenu ou du tr\u00e9sor) recueille toutes les informations relatives aux titulaires de comptes am\u00e9ricains dans cette juridiction et les transmet au Tr\u00e9sor am\u00e9ricain.<\/p><p>\u00a0<\/p><p>Dans le cadre d'un accord de type mod\u00e8le 2, chaque FFI (institution financi\u00e8re \u00e9trang\u00e8re), telle qu'une banque, communique directement au Tr\u00e9sor am\u00e9ricain les informations relatives \u00e0 ses titulaires de comptes am\u00e9ricains.\u00a0<\/p><p>\u00a0<\/p><p>En Europe, la plupart des pays ont conclu un accord de type mod\u00e8le 1, mais la Suisse et l'Autriche ont conclu des accords de type mod\u00e8le 2.  Si vous \u00eates une FFI en Autriche ou en Suisse et que vous avez des questions sur la conformit\u00e9 FATCA, n'h\u00e9sitez pas \u00e0 nous contacter.<\/p>\t\t\t\t\t\t\t\t<\/div>\n\t\t\t\t<\/div>\n\t\t\t\t<div class=\"elementor-element elementor-element-679388b elementor-widget elementor-widget-heading\" data-id=\"679388b\" data-element_type=\"widget\" data-widget_type=\"heading.default\">\n\t\t\t\t<div class=\"elementor-widget-container\">\n\t\t\t\t\t<h4 class=\"elementor-heading-title elementor-size-default\">Ressources du Tr\u00e9sor am\u00e9ricain<\/h4>\t\t\t\t<\/div>\n\t\t\t\t<\/div>\n\t\t\t\t<div class=\"elementor-element elementor-element-d583df7 elementor-widget elementor-widget-text-editor\" data-id=\"d583df7\" data-element_type=\"widget\" data-widget_type=\"text-editor.default\">\n\t\t\t\t<div class=\"elementor-widget-container\">\n\t\t\t\t\t\t\t\t\t<p>Veuillez consulter le lien suivant pour obtenir des informations actualis\u00e9es :\u00a0<strong><a href=\"https:\/\/home.treasury.gov\/policy-issues\/tax-policy\/foreign-account-tax-compliance-act\">Foreign Account Tax Compliance Act | U.S. Department of the Treasury<\/a><\/strong><\/p>\t\t\t\t\t\t\t\t<\/div>\n\t\t\t\t<\/div>\n\t\t\t\t\t<\/div>\n\t\t<\/div>\n\t\t\t\t<div class=\"elementor-column elementor-col-50 elementor-inner-column elementor-element elementor-element-d9a83c5\" data-id=\"d9a83c5\" data-element_type=\"column\" data-settings=\"{&quot;background_background&quot;:&quot;classic&quot;}\">\n\t\t\t<div class=\"elementor-widget-wrap elementor-element-populated\">\n\t\t\t\t\t\t<div class=\"elementor-element elementor-element-ef66f5e elementor-widget elementor-widget-image\" data-id=\"ef66f5e\" data-element_type=\"widget\" data-widget_type=\"image.default\">\n\t\t\t\t<div class=\"elementor-widget-container\">\n\t\t\t\t\t\t\t\t\t\t\t\t<figure class=\"wp-caption\">\n\t\t\t\t\t\t\t\t\t\t\t<a href=\"https:\/\/taxlogicians.com\/wp-content\/uploads\/2023\/10\/FATCA_IGA_Agreements-1.png\" data-elementor-open-lightbox=\"yes\" data-elementor-lightbox-title=\"FATCA_IGA_Agreements\" data-e-action-hash=\"#elementor-action%3Aaction%3Dlightbox%26settings%3DeyJpZCI6MjQ5NSwidXJsIjoiaHR0cHM6XC9cL3RheGxvZ2ljaWFucy5jb21cL3dwLWNvbnRlbnRcL3VwbG9hZHNcLzIwMjNcLzEwXC9GQVRDQV9JR0FfQWdyZWVtZW50cy0xLnBuZyJ9\">\n\t\t\t\t\t\t\t<img decoding=\"async\" width=\"6460\" height=\"3403\" src=\"https:\/\/taxlogicians.com\/wp-content\/uploads\/2023\/10\/FATCA_IGA_Agreements-1.png\" class=\"attachment-full size-full wp-image-2495\" alt=\"\" srcset=\"https:\/\/taxlogicians.com\/wp-content\/uploads\/2023\/10\/FATCA_IGA_Agreements-1.png 6460w, https:\/\/taxlogicians.com\/wp-content\/uploads\/2023\/10\/FATCA_IGA_Agreements-1-300x158.png 300w, https:\/\/taxlogicians.com\/wp-content\/uploads\/2023\/10\/FATCA_IGA_Agreements-1-1024x539.png 1024w, https:\/\/taxlogicians.com\/wp-content\/uploads\/2023\/10\/FATCA_IGA_Agreements-1-768x405.png 768w, https:\/\/taxlogicians.com\/wp-content\/uploads\/2023\/10\/FATCA_IGA_Agreements-1-1536x809.png 1536w, https:\/\/taxlogicians.com\/wp-content\/uploads\/2023\/10\/FATCA_IGA_Agreements-1-2048x1079.png 2048w\" sizes=\"(max-width: 6460px) 100vw, 6460px\" \/>\t\t\t\t\t\t\t\t<\/a>\n\t\t\t\t\t\t\t\t\t\t\t<figcaption class=\"widget-image-caption wp-caption-text\">IGA Agreement types as of August 2023<\/figcaption>\n\t\t\t\t\t\t\t\t\t\t<\/figure>\n\t\t\t\t\t\t\t\t\t<\/div>\n\t\t\t\t<\/div>\n\t\t\t\t\t<\/div>\n\t\t<\/div>\n\t\t\t\t\t<\/div>\n\t\t<\/section>\n\t\t\t\t\t<\/div>\n\t\t<\/div>\n\t\t\t\t\t<\/div>\n\t\t<\/section>\n\t\t\t\t<section class=\"elementor-section elementor-top-section elementor-element elementor-element-pzdf9l6 elementor-section-content-middle elementor-section-boxed elementor-section-height-default elementor-section-height-default\" data-id=\"pzdf9l6\" data-element_type=\"section\" data-settings=\"{&quot;background_background&quot;:&quot;classic&quot;}\">\n\t\t\t\t\t\t\t<div class=\"elementor-background-overlay\"><\/div>\n\t\t\t\t\t\t\t<div class=\"elementor-container elementor-column-gap-no\">\n\t\t\t\t\t<div class=\"elementor-column elementor-col-50 elementor-top-column elementor-element elementor-element-d322da5\" data-id=\"d322da5\" data-element_type=\"column\">\n\t\t\t<div class=\"elementor-widget-wrap elementor-element-populated\">\n\t\t\t\t\t\t<div class=\"elementor-element elementor-element-9962441 elementor-widget elementor-widget-heading\" data-id=\"9962441\" data-element_type=\"widget\" data-widget_type=\"heading.default\">\n\t\t\t\t<div class=\"elementor-widget-container\">\n\t\t\t\t\t<h5 class=\"elementor-heading-title elementor-size-default\">Devis gratuit<\/h5>\t\t\t\t<\/div>\n\t\t\t\t<\/div>\n\t\t\t\t<div class=\"elementor-element elementor-element-ceead70 elementor-widget elementor-widget-heading\" data-id=\"ceead70\" data-element_type=\"widget\" data-widget_type=\"heading.default\">\n\t\t\t\t<div class=\"elementor-widget-container\">\n\t\t\t\t\t<h2 class=\"elementor-heading-title elementor-size-default\">Demande de devis<\/h2>\t\t\t\t<\/div>\n\t\t\t\t<\/div>\n\t\t\t\t<div class=\"elementor-element elementor-element-db8cdf1 elementor-widget elementor-widget-text-editor\" data-id=\"db8cdf1\" data-element_type=\"widget\" data-widget_type=\"text-editor.default\">\n\t\t\t\t<div class=\"elementor-widget-container\">\n\t\t\t\t\t\t\t\t\t<p>Nous travaillons g\u00e9n\u00e9ralement sur la base d'honoraires fixes, mais nous pouvons conclure d'autres accords en fonction des besoins.<\/p>\t\t\t\t\t\t\t\t<\/div>\n\t\t\t\t<\/div>\n\t\t\t\t\t<\/div>\n\t\t<\/div>\n\t\t\t\t<div class=\"elementor-column elementor-col-50 elementor-top-column elementor-element elementor-element-e06df7e\" data-id=\"e06df7e\" data-element_type=\"column\">\n\t\t\t<div class=\"elementor-widget-wrap elementor-element-populated\">\n\t\t\t\t\t\t<div class=\"elementor-element elementor-element-cd6f97e elementor-align-right elementor-mobile-align-center elementor-widget elementor-widget-button\" data-id=\"cd6f97e\" data-element_type=\"widget\" data-widget_type=\"button.default\">\n\t\t\t\t<div class=\"elementor-widget-container\">\n\t\t\t\t\t\t\t\t\t<div class=\"elementor-button-wrapper\">\n\t\t\t\t\t<a class=\"elementor-button elementor-button-link elementor-size-md\" href=\"https:\/\/taxlogicians.com\/fr\/contact\/\">\n\t\t\t\t\t\t<span class=\"elementor-button-content-wrapper\">\n\t\t\t\t\t\t\t\t\t<span class=\"elementor-button-text\">Obtenir un devis<\/span>\n\t\t\t\t\t<\/span>\n\t\t\t\t\t<\/a>\n\t\t\t\t<\/div>\n\t\t\t\t\t\t\t\t<\/div>\n\t\t\t\t<\/div>\n\t\t\t\t\t<\/div>\n\t\t<\/div>\n\t\t\t\t\t<\/div>\n\t\t<\/section>\n\t\t\t\t<\/div>","protected":false},"excerpt":{"rendered":"<p>Foreign Account Tax Compliance Act &#8211; FATCA What is FATCA? Basics FATCA, the Foreign Account Tax Compliance Act, has the intention of preventing US taxpayers from not properly reporting income and or assets held in foreign accounts. In practical terms, this requires non-US banks to file an appropriate W-8 series form for every account to &hellip;<\/p>\n<p class=\"read-more\"> <a class=\"\" href=\"https:\/\/taxlogicians.com\/fr\/fatca\/\"> <span class=\"screen-reader-text\">FATCA<\/span> Lire la suite\u00a0\u00bb<\/a><\/p>","protected":false},"author":1,"featured_media":0,"parent":0,"menu_order":0,"comment_status":"closed","ping_status":"closed","template":"","meta":{"site-sidebar-layout":"no-sidebar","site-content-layout":"page-builder","ast-site-content-layout":"full-width-container","site-content-style":"default","site-sidebar-style":"default","ast-global-header-display":"","ast-banner-title-visibility":"","ast-main-header-display":"","ast-hfb-above-header-display":"","ast-hfb-below-header-display":"","ast-hfb-mobile-header-display":"","site-post-title":"disabled","ast-breadcrumbs-content":"","ast-featured-img":"disabled","footer-sml-layout":"","theme-transparent-header-meta":"","adv-header-id-meta":"","stick-header-meta":"","header-above-stick-meta":"","header-main-stick-meta":"","header-below-stick-meta":"","astra-migrate-meta-layouts":"set","ast-page-background-enabled":"default","ast-page-background-meta":{"desktop":{"background-color":"var(--ast-global-color-4)","background-image":"","background-repeat":"repeat","background-position":"center center","background-size":"auto","background-attachment":"scroll","background-type":"","background-media":"","overlay-type":"","overlay-color":"","overlay-gradient":""},"tablet":{"background-color":"","background-image":"","background-repeat":"repeat","background-position":"center center","background-size":"auto","background-attachment":"scroll","background-type":"","background-media":"","overlay-type":"","overlay-color":"","overlay-gradient":""},"mobile":{"background-color":"","background-image":"","background-repeat":"repeat","background-position":"center center","background-size":"auto","background-attachment":"scroll","background-type":"","background-media":"","overlay-type":"","overlay-color":"","overlay-gradient":""}},"ast-content-background-meta":{"desktop":{"background-color":"var(--ast-global-color-5)","background-image":"","background-repeat":"repeat","background-position":"center center","background-size":"auto","background-attachment":"scroll","background-type":"","background-media":"","overlay-type":"","overlay-color":"","overlay-gradient":""},"tablet":{"background-color":"var(--ast-global-color-5)","background-image":"","background-repeat":"repeat","background-position":"center center","background-size":"auto","background-attachment":"scroll","background-type":"","background-media":"","overlay-type":"","overlay-color":"","overlay-gradient":""},"mobile":{"background-color":"var(--ast-global-color-5)","background-image":"","background-repeat":"repeat","background-position":"center center","background-size":"auto","background-attachment":"scroll","background-type":"","background-media":"","overlay-type":"","overlay-color":"","overlay-gradient":""}},"footnotes":""},"class_list":["post-2430","page","type-page","status-publish","hentry"],"_links":{"self":[{"href":"https:\/\/taxlogicians.com\/fr\/wp-json\/wp\/v2\/pages\/2430","targetHints":{"allow":["GET"]}}],"collection":[{"href":"https:\/\/taxlogicians.com\/fr\/wp-json\/wp\/v2\/pages"}],"about":[{"href":"https:\/\/taxlogicians.com\/fr\/wp-json\/wp\/v2\/types\/page"}],"author":[{"embeddable":true,"href":"https:\/\/taxlogicians.com\/fr\/wp-json\/wp\/v2\/users\/1"}],"replies":[{"embeddable":true,"href":"https:\/\/taxlogicians.com\/fr\/wp-json\/wp\/v2\/comments?post=2430"}],"version-history":[{"count":97,"href":"https:\/\/taxlogicians.com\/fr\/wp-json\/wp\/v2\/pages\/2430\/revisions"}],"predecessor-version":[{"id":4338,"href":"https:\/\/taxlogicians.com\/fr\/wp-json\/wp\/v2\/pages\/2430\/revisions\/4338"}],"wp:attachment":[{"href":"https:\/\/taxlogicians.com\/fr\/wp-json\/wp\/v2\/media?parent=2430"}],"curies":[{"name":"wp","href":"https:\/\/api.w.org\/{rel}","templated":true}]}}